{"id":2757,"date":"2016-07-29T20:23:02","date_gmt":"2016-07-29T20:23:02","guid":{"rendered":"http:\/\/www.georosario.com\/web\/?page_id=2757"},"modified":"2023-07-24T21:50:11","modified_gmt":"2023-07-24T21:50:11","slug":"cardiocheck","status":"publish","type":"page","link":"https:\/\/www.georosario.com\/web\/servicios\/cardiocheck\/","title":{"rendered":"Cardiocheck"},"content":{"rendered":"\t\t<div data-elementor-type=\"wp-page\" data-elementor-id=\"2757\" class=\"elementor elementor-2757\">\n\t\t\t\t\t\t<section class=\"elementor-section elementor-top-section elementor-element elementor-element-fbbdfdb elementor-section-content-middle elementor-section-boxed elementor-section-height-default elementor-section-height-default\" data-id=\"fbbdfdb\" data-element_type=\"section\">\n\t\t\t\t\t\t<div class=\"elementor-container elementor-column-gap-wider\">\n\t\t\t\t\t<div class=\"elementor-column elementor-col-50 elementor-top-column elementor-element elementor-element-606f62b elementor-invisible\" data-id=\"606f62b\" data-element_type=\"column\" data-settings=\"{&quot;animation&quot;:&quot;fadeInLeft&quot;}\">\n\t\t\t<div class=\"elementor-widget-wrap elementor-element-populated\">\n\t\t\t\t\t\t<div class=\"elementor-element elementor-element-06ccef4 elementor-widget elementor-widget-heading\" data-id=\"06ccef4\" data-element_type=\"widget\" data-widget_type=\"heading.default\">\n\t\t\t\t<div class=\"elementor-widget-container\">\n\t\t\t\t\t<h2 class=\"elementor-heading-title elementor-size-default\">Cuidemos nuestro coraz\u00f3n<\/h2>\t\t\t\t<\/div>\n\t\t\t\t<\/div>\n\t\t\t\t<div class=\"elementor-element elementor-element-7d3afdf elementor-widget elementor-widget-text-editor\" data-id=\"7d3afdf\" data-element_type=\"widget\" data-widget_type=\"text-editor.default\">\n\t\t\t\t<div class=\"elementor-widget-container\">\n\t\t\t\t\t\t\t\t\t<p>Adoptar un estilo de vida activo, es fundamental porque el sedentarismo es uno de los factores de riesgo de la enfermedad cardiovascular. Si bien la actividad f\u00edsica es importante para promover la salud del coraz\u00f3n, antes de iniciar la pr\u00e1ctica de deportes es recomendable realizar un \u00abchequeo m\u00e9dico cardiol\u00f3gico\u00bb para descartar condiciones cardiacas que podr\u00edan agravarse con el ejercicio. <br \/><br \/>Este chequeo preventivo, debe realizarse a partir de los 30 a\u00f1os, dado que las causas de muerte s\u00fabita en el deporte son debidas no al ejercicio f\u00edsico en si, sino a situaciones cardiol\u00f3gicas preexistentes no diagnosticadas en este grupo etario. A partir de los 35 a\u00f1os las causas metab\u00f3licas como el aumento del colesterol y los triglic\u00e9ridos, las enfermedades cardiacas, diabetes y el incremento de la tensi\u00f3n arterial justifican su realizaci\u00f3n.<\/p>\t\t\t\t\t\t\t\t<\/div>\n\t\t\t\t<\/div>\n\t\t\t\t\t<\/div>\n\t\t<\/div>\n\t\t\t\t<div class=\"elementor-column elementor-col-50 elementor-top-column elementor-element elementor-element-711b7bb elementor-invisible\" data-id=\"711b7bb\" data-element_type=\"column\" data-settings=\"{&quot;animation&quot;:&quot;fadeInRight&quot;}\">\n\t\t\t<div class=\"elementor-widget-wrap elementor-element-populated\">\n\t\t\t\t\t\t<div class=\"elementor-element elementor-element-29b4721 elementor-widget elementor-widget-image\" data-id=\"29b4721\" data-element_type=\"widget\" data-widget_type=\"image.default\">\n\t\t\t\t<div class=\"elementor-widget-container\">\n\t\t\t\t\t\t\t\t\t\t\t\t\t\t\t<img fetchpriority=\"high\" decoding=\"async\" width=\"815\" height=\"1024\" src=\"https:\/\/www.georosario.com\/web\/wp-content\/uploads\/2023\/06\/cardio2-815x1024.jpg\" class=\"attachment-large size-large wp-image-4105\" alt=\"\" srcset=\"https:\/\/www.georosario.com\/web\/wp-content\/uploads\/2023\/06\/cardio2-815x1024.jpg 815w, https:\/\/www.georosario.com\/web\/wp-content\/uploads\/2023\/06\/cardio2-239x300.jpg 239w, https:\/\/www.georosario.com\/web\/wp-content\/uploads\/2023\/06\/cardio2-768x965.jpg 768w, https:\/\/www.georosario.com\/web\/wp-content\/uploads\/2023\/06\/cardio2.jpg 977w\" sizes=\"(max-width: 815px) 100vw, 815px\" \/>\t\t\t\t\t\t\t\t\t\t\t\t\t\t\t<\/div>\n\t\t\t\t<\/div>\n\t\t\t\t\t<\/div>\n\t\t<\/div>\n\t\t\t\t\t<\/div>\n\t\t<\/section>\n\t\t\t\t<section class=\"elementor-section elementor-top-section elementor-element elementor-element-2892cb8 elementor-section-content-middle elementor-section-boxed elementor-section-height-default elementor-section-height-default\" data-id=\"2892cb8\" data-element_type=\"section\">\n\t\t\t\t\t\t<div class=\"elementor-container elementor-column-gap-wider\">\n\t\t\t\t\t<div class=\"elementor-column elementor-col-50 elementor-top-column elementor-element elementor-element-5f9041f elementor-invisible\" data-id=\"5f9041f\" data-element_type=\"column\" data-settings=\"{&quot;animation&quot;:&quot;fadeInLeft&quot;}\">\n\t\t\t<div class=\"elementor-widget-wrap elementor-element-populated\">\n\t\t\t\t\t\t<div class=\"elementor-element elementor-element-ecf834b elementor-widget elementor-widget-image\" data-id=\"ecf834b\" data-element_type=\"widget\" data-widget_type=\"image.default\">\n\t\t\t\t<div class=\"elementor-widget-container\">\n\t\t\t\t\t\t\t\t\t\t\t\t\t\t\t<img decoding=\"async\" width=\"884\" height=\"872\" src=\"https:\/\/www.georosario.com\/web\/wp-content\/uploads\/2023\/06\/cardioche-1.jpg\" class=\"attachment-large size-large wp-image-4100\" alt=\"\" srcset=\"https:\/\/www.georosario.com\/web\/wp-content\/uploads\/2023\/06\/cardioche-1.jpg 884w, https:\/\/www.georosario.com\/web\/wp-content\/uploads\/2023\/06\/cardioche-1-300x296.jpg 300w, https:\/\/www.georosario.com\/web\/wp-content\/uploads\/2023\/06\/cardioche-1-768x758.jpg 768w\" sizes=\"(max-width: 884px) 100vw, 884px\" \/>\t\t\t\t\t\t\t\t\t\t\t\t\t\t\t<\/div>\n\t\t\t\t<\/div>\n\t\t\t\t\t<\/div>\n\t\t<\/div>\n\t\t\t\t<div class=\"elementor-column elementor-col-50 elementor-top-column elementor-element elementor-element-9928347 elementor-invisible\" data-id=\"9928347\" data-element_type=\"column\" data-settings=\"{&quot;animation&quot;:&quot;fadeInRight&quot;}\">\n\t\t\t<div class=\"elementor-widget-wrap elementor-element-populated\">\n\t\t\t\t\t\t<div class=\"elementor-element elementor-element-1aba27d elementor-widget elementor-widget-heading\" data-id=\"1aba27d\" data-element_type=\"widget\" data-widget_type=\"heading.default\">\n\t\t\t\t<div class=\"elementor-widget-container\">\n\t\t\t\t\t<h2 class=\"elementor-heading-title elementor-size-default\">Cardiocheck \u00bfEn qu\u00e9 consiste?<\/h2>\t\t\t\t<\/div>\n\t\t\t\t<\/div>\n\t\t\t\t<div class=\"elementor-element elementor-element-2bb2128 elementor-widget elementor-widget-text-editor\" data-id=\"2bb2128\" data-element_type=\"widget\" data-widget_type=\"text-editor.default\">\n\t\t\t\t<div class=\"elementor-widget-container\">\n\t\t\t\t\t\t\t\t\t<p>Este chequeo consiste en la realizaci\u00f3n de una historia cl\u00ednica cardiol\u00f3gica en donde se conocen los antecedentes del paciente, los problemas potenciales de salud y la medicaci\u00f3n que tiene indicada por su m\u00e9dico de cabecera; el examen f\u00edsico cardiovascular y el electrocardiograma (ECG). Todo ello aumenta sensiblemente la posibilidad de detectar trastornos cardiacos potencialmente mortales.<\/p><p>Ofrece este nuevo servicio a realizar en la comodidad de su empresa con el GESTI\u00d3N OCUPACIONAL fin de promover la salud de los trabajadores en lo que respecta al cuidado cardiovascular.<\/p><p>Nuestro objetivo en general no solo es promover y promocionar la salud, sino mantener la capacidad de trabajo de los empleados. CARDIOCHECK es preventivo porque detecta las complicaciones de factores de riesgo cardiaco, como: hipertensi\u00f3n, diabetes, colesterol elevado, tabaquismo, o patolog\u00edas cardiovasculares asintom\u00e1ticas, con el prop\u00f3sito de disminuir y prevenir el desarrollo de eventos agudos.<\/p>\t\t\t\t\t\t\t\t<\/div>\n\t\t\t\t<\/div>\n\t\t\t\t\t<\/div>\n\t\t<\/div>\n\t\t\t\t\t<\/div>\n\t\t<\/section>\n\t\t\t\t<\/div>\n\t\t","protected":false},"excerpt":{"rendered":"<p>Cuidemos nuestro coraz\u00f3n Adoptar un estilo de vida activo, es fundamental porque el sedentarismo es uno de los factores de riesgo de la enfermedad cardiovascular. Si bien la actividad f\u00edsica es importante para promover la salud del coraz\u00f3n, antes de iniciar la pr\u00e1ctica de deportes es recomendable realizar un \u00abchequeo m\u00e9dico cardiol\u00f3gico\u00bb para descartar condiciones [&hellip;]<\/p>\n","protected":false},"author":96739693,"featured_media":0,"parent":2875,"menu_order":0,"comment_status":"closed","ping_status":"closed","template":"","meta":{"inline_featured_image":false,"site-sidebar-layout":"default","site-content-layout":"","ast-site-content-layout":"default","site-content-style":"default","site-sidebar-style":"default","ast-global-header-display":"","ast-banner-title-visibility":"","ast-main-header-display":"","ast-hfb-above-header-display":"","ast-hfb-below-header-display":"","ast-hfb-mobile-header-display":"","site-post-title":"","ast-breadcrumbs-content":"","ast-featured-img":"","footer-sml-layout":"","ast-disable-related-posts":"","theme-transparent-header-meta":"","adv-header-id-meta":"","stick-header-meta":"","header-above-stick-meta":"","header-main-stick-meta":"","header-below-stick-meta":"","astra-migrate-meta-layouts":"default","ast-page-background-enabled":"default","ast-page-background-meta":{"desktop":{"background-color":"var(--ast-global-color-4)","background-image":"","background-repeat":"repeat","background-position":"center center","background-size":"auto","background-attachment":"scroll","background-type":"","background-media":"","overlay-type":"","overlay-color":"","overlay-opacity":"","overlay-gradient":""},"tablet":{"background-color":"","background-image":"","background-repeat":"repeat","background-position":"center center","background-size":"auto","background-attachment":"scroll","background-type":"","background-media":"","overlay-type":"","overlay-color":"","overlay-opacity":"","overlay-gradient":""},"mobile":{"background-color":"","background-image":"","background-repeat":"repeat","background-position":"center center","background-size":"auto","background-attachment":"scroll","background-type":"","background-media":"","overlay-type":"","overlay-color":"","overlay-opacity":"","overlay-gradient":""}},"ast-content-background-meta":{"desktop":{"background-color":"var(--ast-global-color-5)","background-image":"","background-repeat":"repeat","background-position":"center center","background-size":"auto","background-attachment":"scroll","background-type":"","background-media":"","overlay-type":"","overlay-color":"","overlay-opacity":"","overlay-gradient":""},"tablet":{"background-color":"var(--ast-global-color-5)","background-image":"","background-repeat":"repeat","background-position":"center center","background-size":"auto","background-attachment":"scroll","background-type":"","background-media":"","overlay-type":"","overlay-color":"","overlay-opacity":"","overlay-gradient":""},"mobile":{"background-color":"var(--ast-global-color-5)","background-image":"","background-repeat":"repeat","background-position":"center center","background-size":"auto","background-attachment":"scroll","background-type":"","background-media":"","overlay-type":"","overlay-color":"","overlay-opacity":"","overlay-gradient":""}},"footnotes":""},"class_list":["post-2757","page","type-page","status-publish","hentry"],"_links":{"self":[{"href":"https:\/\/www.georosario.com\/web\/wp-json\/wp\/v2\/pages\/2757","targetHints":{"allow":["GET"]}}],"collection":[{"href":"https:\/\/www.georosario.com\/web\/wp-json\/wp\/v2\/pages"}],"about":[{"href":"https:\/\/www.georosario.com\/web\/wp-json\/wp\/v2\/types\/page"}],"author":[{"embeddable":true,"href":"https:\/\/www.georosario.com\/web\/wp-json\/wp\/v2\/users\/96739693"}],"replies":[{"embeddable":true,"href":"https:\/\/www.georosario.com\/web\/wp-json\/wp\/v2\/comments?post=2757"}],"version-history":[{"count":34,"href":"https:\/\/www.georosario.com\/web\/wp-json\/wp\/v2\/pages\/2757\/revisions"}],"predecessor-version":[{"id":4824,"href":"https:\/\/www.georosario.com\/web\/wp-json\/wp\/v2\/pages\/2757\/revisions\/4824"}],"up":[{"embeddable":true,"href":"https:\/\/www.georosario.com\/web\/wp-json\/wp\/v2\/pages\/2875"}],"wp:attachment":[{"href":"https:\/\/www.georosario.com\/web\/wp-json\/wp\/v2\/media?parent=2757"}],"curies":[{"name":"wp","href":"https:\/\/api.w.org\/{rel}","templated":true}]}}