{"id":2760,"date":"2016-07-29T20:25:32","date_gmt":"2016-07-29T20:25:32","guid":{"rendered":"http:\/\/www.georosario.com\/web\/?page_id=2760"},"modified":"2023-07-24T21:50:56","modified_gmt":"2023-07-24T21:50:56","slug":"control-de-ausentismo-laboral-a-domicilio","status":"publish","type":"page","link":"https:\/\/www.georosario.com\/web\/servicios\/control-de-ausentismo-laboral-a-domicilio\/","title":{"rendered":"Control de Ausentismo Laboral a Domicilio"},"content":{"rendered":"\t\t<div data-elementor-type=\"wp-page\" data-elementor-id=\"2760\" class=\"elementor elementor-2760\">\n\t\t\t\t\t\t<section class=\"elementor-section elementor-top-section elementor-element elementor-element-a4ac797 elementor-section-content-middle elementor-section-boxed elementor-section-height-default elementor-section-height-default\" data-id=\"a4ac797\" data-element_type=\"section\">\n\t\t\t\t\t\t<div class=\"elementor-container elementor-column-gap-wider\">\n\t\t\t\t\t<div class=\"elementor-column elementor-col-50 elementor-top-column elementor-element elementor-element-a51e082 elementor-invisible\" data-id=\"a51e082\" data-element_type=\"column\" data-settings=\"{&quot;animation&quot;:&quot;fadeInLeft&quot;}\">\n\t\t\t<div class=\"elementor-widget-wrap elementor-element-populated\">\n\t\t\t\t\t\t<div class=\"elementor-element elementor-element-c975aa6 elementor-widget elementor-widget-heading\" data-id=\"c975aa6\" data-element_type=\"widget\" data-widget_type=\"heading.default\">\n\t\t\t\t<div class=\"elementor-widget-container\">\n\t\t\t\t\t<h2 class=\"elementor-heading-title elementor-size-default\">Ausentismo Laboral<\/h2>\t\t\t\t<\/div>\n\t\t\t\t<\/div>\n\t\t\t\t<div class=\"elementor-element elementor-element-f5d1321 elementor-widget elementor-widget-text-editor\" data-id=\"f5d1321\" data-element_type=\"widget\" data-widget_type=\"text-editor.default\">\n\t\t\t\t<div class=\"elementor-widget-container\">\n\t\t\t\t\t\t\t\t\t<p>La ley 20744 de Contrato de Trabajo contempla el derecho del empleador a auditar las ausencias del personal, a los fines productivos es vital conocer cuando el trabajador se reintegrara a sus tareas.<\/p><p>El control de ausentismo laboral debe hacerse a trav\u00e9s de la confecci\u00f3n de la Historia Cl\u00ednica Laboral del Trabajador que es un elemento probatorio ante conflictos legales y una herramienta estad\u00edstica para confeccionar indices de causalidad.<\/p>\t\t\t\t\t\t\t\t<\/div>\n\t\t\t\t<\/div>\n\t\t\t\t<div class=\"elementor-element elementor-element-7b65471 elementor-mobile-align-center elementor-widget elementor-widget-button\" data-id=\"7b65471\" data-element_type=\"widget\" data-widget_type=\"button.default\">\n\t\t\t\t<div class=\"elementor-widget-container\">\n\t\t\t\t\t\t\t\t\t<div class=\"elementor-button-wrapper\">\n\t\t\t\t\t<a class=\"elementor-button elementor-button-link elementor-size-sm\" href=\"https:\/\/www.georosario.com\/web\/ausentismo\/\">\n\t\t\t\t\t\t<span class=\"elementor-button-content-wrapper\">\n\t\t\t\t\t\t\t\t\t<span class=\"elementor-button-text\">Solicitar control a domicilio<\/span>\n\t\t\t\t\t<\/span>\n\t\t\t\t\t<\/a>\n\t\t\t\t<\/div>\n\t\t\t\t\t\t\t\t<\/div>\n\t\t\t\t<\/div>\n\t\t\t\t\t<\/div>\n\t\t<\/div>\n\t\t\t\t<div class=\"elementor-column elementor-col-50 elementor-top-column elementor-element elementor-element-03924d1 elementor-invisible\" data-id=\"03924d1\" data-element_type=\"column\" data-settings=\"{&quot;animation&quot;:&quot;fadeInRight&quot;,&quot;animation_delay&quot;:200}\">\n\t\t\t<div class=\"elementor-widget-wrap elementor-element-populated\">\n\t\t\t\t\t\t<div class=\"elementor-element elementor-element-9177767 elementor-widget elementor-widget-image\" data-id=\"9177767\" data-element_type=\"widget\" data-widget_type=\"image.default\">\n\t\t\t\t<div class=\"elementor-widget-container\">\n\t\t\t\t\t\t\t\t\t\t\t\t\t\t\t<img fetchpriority=\"high\" decoding=\"async\" width=\"748\" height=\"856\" src=\"https:\/\/www.georosario.com\/web\/wp-content\/uploads\/2023\/06\/ausentismo.jpg\" class=\"attachment-large size-large wp-image-4115\" alt=\"\" srcset=\"https:\/\/www.georosario.com\/web\/wp-content\/uploads\/2023\/06\/ausentismo.jpg 748w, https:\/\/www.georosario.com\/web\/wp-content\/uploads\/2023\/06\/ausentismo-262x300.jpg 262w\" sizes=\"(max-width: 748px) 100vw, 748px\" \/>\t\t\t\t\t\t\t\t\t\t\t\t\t\t\t<\/div>\n\t\t\t\t<\/div>\n\t\t\t\t\t<\/div>\n\t\t<\/div>\n\t\t\t\t\t<\/div>\n\t\t<\/section>\n\t\t\t\t<section class=\"elementor-section elementor-top-section elementor-element elementor-element-cee247f elementor-section-full_width elementor-section-height-default elementor-section-height-default elementor-invisible\" data-id=\"cee247f\" data-element_type=\"section\" data-settings=\"{&quot;background_background&quot;:&quot;classic&quot;,&quot;animation&quot;:&quot;fadeIn&quot;}\">\n\t\t\t\t\t\t\t<div class=\"elementor-background-overlay\"><\/div>\n\t\t\t\t\t\t\t<div class=\"elementor-container elementor-column-gap-default\">\n\t\t\t\t\t<div class=\"elementor-column elementor-col-100 elementor-top-column elementor-element elementor-element-9602bdd\" data-id=\"9602bdd\" data-element_type=\"column\">\n\t\t\t<div class=\"elementor-widget-wrap elementor-element-populated\">\n\t\t\t\t\t\t<section class=\"elementor-section elementor-inner-section elementor-element elementor-element-a238834 elementor-section-boxed elementor-section-height-default elementor-section-height-default\" data-id=\"a238834\" data-element_type=\"section\">\n\t\t\t\t\t\t<div class=\"elementor-container elementor-column-gap-wider\">\n\t\t\t\t\t<div class=\"elementor-column elementor-col-50 elementor-inner-column elementor-element elementor-element-deecc5a\" data-id=\"deecc5a\" data-element_type=\"column\">\n\t\t\t<div class=\"elementor-widget-wrap elementor-element-populated\">\n\t\t\t\t\t\t<div class=\"elementor-element elementor-element-4105ed9 elementor-invisible elementor-widget elementor-widget-text-editor\" data-id=\"4105ed9\" data-element_type=\"widget\" data-settings=\"{&quot;_animation&quot;:&quot;fadeInLeft&quot;,&quot;_animation_delay&quot;:300}\" data-widget_type=\"text-editor.default\">\n\t\t\t\t<div class=\"elementor-widget-container\">\n\t\t\t\t\t\t\t\t\t<p>Los controles se realizan en la ciudad de <strong>Rosario<\/strong>, y <strong>zonas aleda\u00f1as<\/strong>.<\/p>\t\t\t\t\t\t\t\t<\/div>\n\t\t\t\t<\/div>\n\t\t\t\t\t<\/div>\n\t\t<\/div>\n\t\t\t\t<div class=\"elementor-column elementor-col-50 elementor-inner-column elementor-element elementor-element-5074968\" data-id=\"5074968\" data-element_type=\"column\">\n\t\t\t<div class=\"elementor-widget-wrap elementor-element-populated\">\n\t\t\t\t\t\t<div class=\"elementor-element elementor-element-18e6e07 animated-slow elementor-invisible elementor-widget elementor-widget-image\" data-id=\"18e6e07\" data-element_type=\"widget\" data-settings=\"{&quot;_animation&quot;:&quot;fadeInRight&quot;,&quot;_animation_delay&quot;:400}\" data-widget_type=\"image.default\">\n\t\t\t\t<div class=\"elementor-widget-container\">\n\t\t\t\t\t\t\t\t\t\t\t\t\t\t\t<img decoding=\"async\" width=\"1200\" height=\"686\" src=\"https:\/\/www.georosario.com\/web\/wp-content\/uploads\/2023\/05\/domicilio.png\" class=\"attachment-full size-full wp-image-3875\" alt=\"\" srcset=\"https:\/\/www.georosario.com\/web\/wp-content\/uploads\/2023\/05\/domicilio.png 1200w, https:\/\/www.georosario.com\/web\/wp-content\/uploads\/2023\/05\/domicilio-300x172.png 300w, https:\/\/www.georosario.com\/web\/wp-content\/uploads\/2023\/05\/domicilio-1024x585.png 1024w, https:\/\/www.georosario.com\/web\/wp-content\/uploads\/2023\/05\/domicilio-768x439.png 768w\" sizes=\"(max-width: 1200px) 100vw, 1200px\" \/>\t\t\t\t\t\t\t\t\t\t\t\t\t\t\t<\/div>\n\t\t\t\t<\/div>\n\t\t\t\t\t<\/div>\n\t\t<\/div>\n\t\t\t\t\t<\/div>\n\t\t<\/section>\n\t\t\t\t\t<\/div>\n\t\t<\/div>\n\t\t\t\t\t<\/div>\n\t\t<\/section>\n\t\t\t\t<section class=\"elementor-section elementor-top-section elementor-element elementor-element-6767e88 elementor-section-content-middle elementor-section-boxed elementor-section-height-default elementor-section-height-default\" data-id=\"6767e88\" data-element_type=\"section\">\n\t\t\t\t\t\t<div class=\"elementor-container elementor-column-gap-wider\">\n\t\t\t\t\t<div class=\"elementor-column elementor-col-50 elementor-top-column elementor-element elementor-element-8af2ccd elementor-invisible\" data-id=\"8af2ccd\" data-element_type=\"column\" data-settings=\"{&quot;animation&quot;:&quot;fadeInLeft&quot;,&quot;animation_delay&quot;:200}\">\n\t\t\t<div class=\"elementor-widget-wrap elementor-element-populated\">\n\t\t\t\t\t\t<div class=\"elementor-element elementor-element-dabe102 elementor-widget elementor-widget-image\" data-id=\"dabe102\" data-element_type=\"widget\" data-widget_type=\"image.default\">\n\t\t\t\t<div class=\"elementor-widget-container\">\n\t\t\t\t\t\t\t\t\t\t\t\t\t\t\t<img decoding=\"async\" width=\"1024\" height=\"936\" src=\"https:\/\/www.georosario.com\/web\/wp-content\/uploads\/2023\/06\/ausentism-1024x936.jpg\" class=\"attachment-large size-large wp-image-4128\" alt=\"\" srcset=\"https:\/\/www.georosario.com\/web\/wp-content\/uploads\/2023\/06\/ausentism-1024x936.jpg 1024w, https:\/\/www.georosario.com\/web\/wp-content\/uploads\/2023\/06\/ausentism-300x274.jpg 300w, https:\/\/www.georosario.com\/web\/wp-content\/uploads\/2023\/06\/ausentism-768x702.jpg 768w, https:\/\/www.georosario.com\/web\/wp-content\/uploads\/2023\/06\/ausentism.jpg 1038w\" sizes=\"(max-width: 1024px) 100vw, 1024px\" \/>\t\t\t\t\t\t\t\t\t\t\t\t\t\t\t<\/div>\n\t\t\t\t<\/div>\n\t\t\t\t\t<\/div>\n\t\t<\/div>\n\t\t\t\t<div class=\"elementor-column elementor-col-50 elementor-top-column elementor-element elementor-element-db055d3 elementor-invisible\" data-id=\"db055d3\" data-element_type=\"column\" data-settings=\"{&quot;animation&quot;:&quot;fadeInRight&quot;}\">\n\t\t\t<div class=\"elementor-widget-wrap elementor-element-populated\">\n\t\t\t\t\t\t<div class=\"elementor-element elementor-element-df96715 elementor-invisible elementor-widget elementor-widget-text-editor\" data-id=\"df96715\" data-element_type=\"widget\" data-settings=\"{&quot;_animation&quot;:&quot;fadeInRight&quot;,&quot;_animation_delay&quot;:200}\" data-widget_type=\"text-editor.default\">\n\t\t\t\t<div class=\"elementor-widget-container\">\n\t\t\t\t\t\t\t\t\t<p>Nuestro servicio consiste en efectuar controles a domicilio con profesionales m\u00e9dicos especialistas en Salud Ocupacional que realizan un examen cl\u00ednico completo y confecci\u00f3n de historia cl\u00ednica en el domicilio del empleado.<\/p>\t\t\t\t\t\t\t\t<\/div>\n\t\t\t\t<\/div>\n\t\t\t\t<div class=\"elementor-element elementor-element-d72d254 elementor-invisible elementor-widget elementor-widget-text-editor\" data-id=\"d72d254\" data-element_type=\"widget\" data-settings=\"{&quot;_animation&quot;:&quot;fadeInRight&quot;,&quot;_animation_delay&quot;:300}\" data-widget_type=\"text-editor.default\">\n\t\t\t\t<div class=\"elementor-widget-container\">\n\t\t\t\t\t\t\t\t\t<p>Tambi\u00e9n realizamos controles m\u00e9dicos con especialistas en casos de empleados ausentistas y en instituciones sanatoriales o publicas ante pacientes internados.<\/p>\t\t\t\t\t\t\t\t<\/div>\n\t\t\t\t<\/div>\n\t\t\t\t\t<\/div>\n\t\t<\/div>\n\t\t\t\t\t<\/div>\n\t\t<\/section>\n\t\t\t\t<\/div>\n\t\t","protected":false},"excerpt":{"rendered":"<p>Ausentismo Laboral La ley 20744 de Contrato de Trabajo contempla el derecho del empleador a auditar las ausencias del personal, a los fines productivos es vital conocer cuando el trabajador se reintegrara a sus tareas. El control de ausentismo laboral debe hacerse a trav\u00e9s de la confecci\u00f3n de la Historia Cl\u00ednica Laboral del Trabajador que [&hellip;]<\/p>\n","protected":false},"author":96739693,"featured_media":0,"parent":2875,"menu_order":0,"comment_status":"closed","ping_status":"closed","template":"","meta":{"inline_featured_image":false,"site-sidebar-layout":"default","site-content-layout":"","ast-site-content-layout":"default","site-content-style":"default","site-sidebar-style":"default","ast-global-header-display":"","ast-banner-title-visibility":"","ast-main-header-display":"","ast-hfb-above-header-display":"","ast-hfb-below-header-display":"","ast-hfb-mobile-header-display":"","site-post-title":"","ast-breadcrumbs-content":"","ast-featured-img":"","footer-sml-layout":"","ast-disable-related-posts":"","theme-transparent-header-meta":"","adv-header-id-meta":"","stick-header-meta":"","header-above-stick-meta":"","header-main-stick-meta":"","header-below-stick-meta":"","astra-migrate-meta-layouts":"default","ast-page-background-enabled":"default","ast-page-background-meta":{"desktop":{"background-color":"var(--ast-global-color-4)","background-image":"","background-repeat":"repeat","background-position":"center center","background-size":"auto","background-attachment":"scroll","background-type":"","background-media":"","overlay-type":"","overlay-color":"","overlay-opacity":"","overlay-gradient":""},"tablet":{"background-color":"","background-image":"","background-repeat":"repeat","background-position":"center center","background-size":"auto","background-attachment":"scroll","background-type":"","background-media":"","overlay-type":"","overlay-color":"","overlay-opacity":"","overlay-gradient":""},"mobile":{"background-color":"","background-image":"","background-repeat":"repeat","background-position":"center center","background-size":"auto","background-attachment":"scroll","background-type":"","background-media":"","overlay-type":"","overlay-color":"","overlay-opacity":"","overlay-gradient":""}},"ast-content-background-meta":{"desktop":{"background-color":"var(--ast-global-color-5)","background-image":"","background-repeat":"repeat","background-position":"center center","background-size":"auto","background-attachment":"scroll","background-type":"","background-media":"","overlay-type":"","overlay-color":"","overlay-opacity":"","overlay-gradient":""},"tablet":{"background-color":"var(--ast-global-color-5)","background-image":"","background-repeat":"repeat","background-position":"center center","background-size":"auto","background-attachment":"scroll","background-type":"","background-media":"","overlay-type":"","overlay-color":"","overlay-opacity":"","overlay-gradient":""},"mobile":{"background-color":"var(--ast-global-color-5)","background-image":"","background-repeat":"repeat","background-position":"center center","background-size":"auto","background-attachment":"scroll","background-type":"","background-media":"","overlay-type":"","overlay-color":"","overlay-opacity":"","overlay-gradient":""}},"footnotes":""},"class_list":["post-2760","page","type-page","status-publish","hentry"],"_links":{"self":[{"href":"https:\/\/www.georosario.com\/web\/wp-json\/wp\/v2\/pages\/2760","targetHints":{"allow":["GET"]}}],"collection":[{"href":"https:\/\/www.georosario.com\/web\/wp-json\/wp\/v2\/pages"}],"about":[{"href":"https:\/\/www.georosario.com\/web\/wp-json\/wp\/v2\/types\/page"}],"author":[{"embeddable":true,"href":"https:\/\/www.georosario.com\/web\/wp-json\/wp\/v2\/users\/96739693"}],"replies":[{"embeddable":true,"href":"https:\/\/www.georosario.com\/web\/wp-json\/wp\/v2\/comments?post=2760"}],"version-history":[{"count":33,"href":"https:\/\/www.georosario.com\/web\/wp-json\/wp\/v2\/pages\/2760\/revisions"}],"predecessor-version":[{"id":4827,"href":"https:\/\/www.georosario.com\/web\/wp-json\/wp\/v2\/pages\/2760\/revisions\/4827"}],"up":[{"embeddable":true,"href":"https:\/\/www.georosario.com\/web\/wp-json\/wp\/v2\/pages\/2875"}],"wp:attachment":[{"href":"https:\/\/www.georosario.com\/web\/wp-json\/wp\/v2\/media?parent=2760"}],"curies":[{"name":"wp","href":"https:\/\/api.w.org\/{rel}","templated":true}]}}