{"id":2795,"date":"2018-01-30T14:24:30","date_gmt":"2018-01-30T14:24:30","guid":{"rendered":"http:\/\/www.georosario.com\/web\/?page_id=2795"},"modified":"2025-12-18T15:34:41","modified_gmt":"2025-12-18T15:34:41","slug":"ausentismo","status":"publish","type":"page","link":"https:\/\/www.georosario.com\/web\/ausentismo\/","title":{"rendered":"Control de Ausentismo"},"content":{"rendered":"\t\t<div data-elementor-type=\"wp-page\" data-elementor-id=\"2795\" class=\"elementor elementor-2795\">\n\t\t\t\t\t\t<section class=\"elementor-section elementor-top-section elementor-element elementor-element-1d0beef8 elementor-section-boxed elementor-section-height-default elementor-section-height-default\" data-id=\"1d0beef8\" data-element_type=\"section\">\n\t\t\t\t\t\t<div class=\"elementor-container elementor-column-gap-default\">\n\t\t\t\t\t<div class=\"elementor-column elementor-col-100 elementor-top-column elementor-element elementor-element-3181bb22\" data-id=\"3181bb22\" data-element_type=\"column\">\n\t\t\t<div class=\"elementor-widget-wrap elementor-element-populated\">\n\t\t\t\t\t\t<div class=\"elementor-element elementor-element-3221e82f elementor-widget elementor-widget-text-editor\" data-id=\"3221e82f\" data-element_type=\"widget\" data-widget_type=\"text-editor.default\">\n\t\t\t\t<div class=\"elementor-widget-container\">\n\t\t\t\t\t\t\t\t\t<p><img fetchpriority=\"high\" decoding=\"async\" class=\"aligncenter size-full wp-image-3302\" src=\"http:\/\/www.georosario.com\/web\/wp-content\/uploads\/2018\/01\/ausentismo_cars.gif\" alt=\"\" width=\"618\" height=\"229\" \/><\/p><h2>Complete los datos del formulario<\/h2>\n<div class=\"wpcf7 no-js\" id=\"wpcf7-f2796-o1\" lang=\"es-ES\" dir=\"ltr\" data-wpcf7-id=\"2796\">\n<div class=\"screen-reader-response\"><p role=\"status\" aria-live=\"polite\" aria-atomic=\"true\"><\/p> <ul><\/ul><\/div>\n<form action=\"\/web\/wp-json\/wp\/v2\/pages\/2795#wpcf7-f2796-o1\" method=\"post\" class=\"wpcf7-form init\" aria-label=\"Formulario de contacto\" novalidate=\"novalidate\" data-status=\"init\">\n<fieldset class=\"hidden-fields-container\"><input type=\"hidden\" name=\"_wpcf7\" value=\"2796\" \/><input type=\"hidden\" name=\"_wpcf7_version\" value=\"6.1.5\" \/><input type=\"hidden\" name=\"_wpcf7_locale\" value=\"es_ES\" \/><input type=\"hidden\" name=\"_wpcf7_unit_tag\" value=\"wpcf7-f2796-o1\" \/><input type=\"hidden\" name=\"_wpcf7_container_post\" value=\"0\" \/><input type=\"hidden\" name=\"_wpcf7_posted_data_hash\" value=\"\" \/><input type=\"hidden\" name=\"_wpcf7dtx_version\" value=\"5.0.5\" \/>\n<\/fieldset>\n<p>DATOS DE LA EMPRESA\n<\/p>\n<p><label> Nombre de la empresa *<br \/>\n<span class=\"wpcf7-form-control-wrap\" data-name=\"empresa-nombre\"><input size=\"40\" maxlength=\"400\" class=\"wpcf7-form-control wpcf7-text wpcf7-validates-as-required\" aria-required=\"true\" aria-invalid=\"false\" value=\"\" type=\"text\" name=\"empresa-nombre\" \/><\/span> <\/label><br \/>\n<label> Responsable de la Empresa *<br \/>\n<span class=\"wpcf7-form-control-wrap\" data-name=\"empresa-responsable\"><input size=\"40\" maxlength=\"400\" class=\"wpcf7-form-control wpcf7-text wpcf7-validates-as-required\" aria-required=\"true\" aria-invalid=\"false\" value=\"\" type=\"text\" name=\"empresa-responsable\" \/><\/span> <\/label><br \/>\n<label> CUIT<br \/>\n<span class=\"wpcf7-form-control-wrap\" data-name=\"empresa-cuit\"><input size=\"40\" maxlength=\"400\" class=\"wpcf7-form-control wpcf7-text\" aria-invalid=\"false\" value=\"\" type=\"text\" name=\"empresa-cuit\" \/><\/span> <\/label><br \/>\n<label> E-mail *<br \/>\n<span class=\"wpcf7-form-control-wrap\" data-name=\"empresa-email\"><input size=\"40\" maxlength=\"400\" class=\"wpcf7-form-control wpcf7-email wpcf7-validates-as-required wpcf7-text wpcf7-validates-as-email\" aria-required=\"true\" aria-invalid=\"false\" value=\"\" type=\"email\" name=\"empresa-email\" \/><\/span> <\/label><br \/>\n<label> Tel\u00e9fono (s\u00f3lo n\u00fameros sin 0 ni 15 &#8211; no use guiones o signo +)<br \/>\n<span class=\"wpcf7-form-control-wrap\" data-name=\"empresa-tel\"><input class=\"wpcf7-form-control wpcf7-number wpcf7-validates-as-number\" aria-invalid=\"false\" value=\"\" type=\"number\" name=\"empresa-tel\" \/><\/span> <\/label>\n<\/p>\n<p>DATOS DEL PACIENTE\n<\/p>\n<p><label> Nombre y Apellido *<br \/>\n<span class=\"wpcf7-form-control-wrap\" data-name=\"persona-nombre\"><input size=\"40\" maxlength=\"400\" class=\"wpcf7-form-control wpcf7-text wpcf7-validates-as-required\" aria-required=\"true\" aria-invalid=\"false\" value=\"\" type=\"text\" name=\"persona-nombre\" \/><\/span> <\/label><br \/>\n<label> DNI *<br \/>\n<span class=\"wpcf7-form-control-wrap\" data-name=\"persona-dni\"><input class=\"wpcf7-form-control wpcf7-number wpcf7-validates-as-required wpcf7-validates-as-number\" aria-required=\"true\" aria-invalid=\"false\" value=\"\" type=\"number\" name=\"persona-dni\" \/><\/span> <\/label><br \/>\n<label> Direcci\u00f3n *<br \/>\n<span class=\"wpcf7-form-control-wrap\" data-name=\"persona-direccion\"><input size=\"40\" maxlength=\"400\" class=\"wpcf7-form-control wpcf7-text wpcf7-validates-as-required\" aria-required=\"true\" aria-invalid=\"false\" value=\"\" type=\"text\" name=\"persona-direccion\" \/><\/span> <\/label><br \/>\n<label> Localidad *<br \/>\n<span class=\"wpcf7-form-control-wrap\" data-name=\"persona-localidad\"><input size=\"40\" maxlength=\"400\" class=\"wpcf7-form-control wpcf7-text wpcf7-validates-as-required\" aria-required=\"true\" aria-invalid=\"false\" value=\"\" type=\"text\" name=\"persona-localidad\" \/><\/span> <\/label><br \/>\n<label> Referencias Geogr\u00e1ficas &#8211; Por favor no use caracteres especiales tales como ! * &#8216; ( ) ; : @ &#038; = + $ , \/ ? # [ ]<br \/>\n<span class=\"wpcf7-form-control-wrap\" data-name=\"persona-referencia\"><input size=\"40\" maxlength=\"400\" class=\"wpcf7-form-control wpcf7-text\" aria-invalid=\"false\" value=\"\" type=\"text\" name=\"persona-referencia\" \/><\/span> <\/label><br \/>\n<label> Tel\u00e9fono * (s\u00f3lo n\u00fameros sin 0 ni 15 &#8211; no use guiones o signo +)<br \/>\n<span class=\"wpcf7-form-control-wrap\" data-name=\"persona-tel\"><input class=\"wpcf7-form-control wpcf7-number wpcf7-validates-as-required wpcf7-validates-as-number\" aria-required=\"true\" aria-invalid=\"false\" value=\"\" type=\"number\" name=\"persona-tel\" \/><\/span> <\/label><br \/>\n<label> Puesto de Trabajo<br \/>\n<span class=\"wpcf7-form-control-wrap\" data-name=\"persona-trabajo\"><input size=\"40\" maxlength=\"400\" class=\"wpcf7-form-control wpcf7-text\" aria-invalid=\"false\" value=\"\" type=\"text\" name=\"persona-trabajo\" \/><\/span> <\/label><br \/>\n<label> Observaciones * &#8211; Por favor no use caracteres especiales tales como ! * &#8216; ( ) ; : @ &#038; = + $ , \/ ? # [ ]<br \/>\n<span class=\"wpcf7-form-control-wrap\" data-name=\"persona-observaciones\"><textarea cols=\"40\" rows=\"10\" maxlength=\"2000\" class=\"wpcf7-form-control wpcf7-textarea wpcf7-validates-as-required\" aria-required=\"true\" aria-invalid=\"false\" name=\"persona-observaciones\"><\/textarea><\/span> <\/label>\n<\/p>\n<p><b><label> Fecha y Hora de la Solicitud: <span class=\"wpcf7-form-control-wrap fecha\" data-name=\"fecha\"><input type=\"text\" name=\"fecha\" class=\"wpcf7-form-control wpcf7-text wpcf7dtx wpcf7dtx-text\" aria-invalid=\"false\" readonly=\"readonly\" value=\"01-05-2026 03:23\"><\/span> <\/label><\/b>\n<\/p>\n<p><input class=\"wpcf7-form-control wpcf7-submit has-spinner\" type=\"submit\" value=\"Enviar\" \/>\n<\/p><div class=\"wpcf7-response-output\" aria-hidden=\"true\"><\/div>\n<\/form>\n<\/div>\n\t\t\t\t\t\t\t\t<\/div>\n\t\t\t\t<\/div>\n\t\t\t\t\t<\/div>\n\t\t<\/div>\n\t\t\t\t\t<\/div>\n\t\t<\/section>\n\t\t\t\t<\/div>\n\t\t","protected":false},"excerpt":{"rendered":"<p>Complete los datos del formulario<\/p>\n","protected":false},"author":96739693,"featured_media":0,"parent":0,"menu_order":0,"comment_status":"closed","ping_status":"closed","template":"","meta":{"inline_featured_image":false,"site-sidebar-layout":"default","site-content-layout":"","ast-site-content-layout":"default","site-content-style":"default","site-sidebar-style":"default","ast-global-header-display":"","ast-banner-title-visibility":"","ast-main-header-display":"","ast-hfb-above-header-display":"","ast-hfb-below-header-display":"","ast-hfb-mobile-header-display":"","site-post-title":"","ast-breadcrumbs-content":"","ast-featured-img":"","footer-sml-layout":"","ast-disable-related-posts":"","theme-transparent-header-meta":"","adv-header-id-meta":"","stick-header-meta":"","header-above-stick-meta":"","header-main-stick-meta":"","header-below-stick-meta":"","astra-migrate-meta-layouts":"default","ast-page-background-enabled":"default","ast-page-background-meta":{"desktop":{"background-color":"var(--ast-global-color-4)","background-image":"","background-repeat":"repeat","background-position":"center center","background-size":"auto","background-attachment":"scroll","background-type":"","background-media":"","overlay-type":"","overlay-color":"","overlay-opacity":"","overlay-gradient":""},"tablet":{"background-color":"","background-image":"","background-repeat":"repeat","background-position":"center center","background-size":"auto","background-attachment":"scroll","background-type":"","background-media":"","overlay-type":"","overlay-color":"","overlay-opacity":"","overlay-gradient":""},"mobile":{"background-color":"","background-image":"","background-repeat":"repeat","background-position":"center center","background-size":"auto","background-attachment":"scroll","background-type":"","background-media":"","overlay-type":"","overlay-color":"","overlay-opacity":"","overlay-gradient":""}},"ast-content-background-meta":{"desktop":{"background-color":"var(--ast-global-color-5)","background-image":"","background-repeat":"repeat","background-position":"center center","background-size":"auto","background-attachment":"scroll","background-type":"","background-media":"","overlay-type":"","overlay-color":"","overlay-opacity":"","overlay-gradient":""},"tablet":{"background-color":"var(--ast-global-color-5)","background-image":"","background-repeat":"repeat","background-position":"center center","background-size":"auto","background-attachment":"scroll","background-type":"","background-media":"","overlay-type":"","overlay-color":"","overlay-opacity":"","overlay-gradient":""},"mobile":{"background-color":"var(--ast-global-color-5)","background-image":"","background-repeat":"repeat","background-position":"center center","background-size":"auto","background-attachment":"scroll","background-type":"","background-media":"","overlay-type":"","overlay-color":"","overlay-opacity":"","overlay-gradient":""}},"footnotes":""},"class_list":["post-2795","page","type-page","status-publish","hentry"],"_links":{"self":[{"href":"https:\/\/www.georosario.com\/web\/wp-json\/wp\/v2\/pages\/2795","targetHints":{"allow":["GET"]}}],"collection":[{"href":"https:\/\/www.georosario.com\/web\/wp-json\/wp\/v2\/pages"}],"about":[{"href":"https:\/\/www.georosario.com\/web\/wp-json\/wp\/v2\/types\/page"}],"author":[{"embeddable":true,"href":"https:\/\/www.georosario.com\/web\/wp-json\/wp\/v2\/users\/96739693"}],"replies":[{"embeddable":true,"href":"https:\/\/www.georosario.com\/web\/wp-json\/wp\/v2\/comments?post=2795"}],"version-history":[{"count":15,"href":"https:\/\/www.georosario.com\/web\/wp-json\/wp\/v2\/pages\/2795\/revisions"}],"predecessor-version":[{"id":9458,"href":"https:\/\/www.georosario.com\/web\/wp-json\/wp\/v2\/pages\/2795\/revisions\/9458"}],"wp:attachment":[{"href":"https:\/\/www.georosario.com\/web\/wp-json\/wp\/v2\/media?parent=2795"}],"curies":[{"name":"wp","href":"https:\/\/api.w.org\/{rel}","templated":true}]}}