{"id":7834,"date":"2025-03-31T16:43:16","date_gmt":"2025-03-31T16:43:16","guid":{"rendered":"https:\/\/www.georosario.com\/web\/?page_id=7834"},"modified":"2025-04-21T04:09:42","modified_gmt":"2025-04-21T04:09:42","slug":"geolocalizacion","status":"publish","type":"page","link":"https:\/\/www.georosario.com\/web\/servicios\/geolocalizacion\/","title":{"rendered":"Control de Ausentismo Laboral por Geolocalizaci\u00f3n"},"content":{"rendered":"\t\t<div data-elementor-type=\"wp-page\" data-elementor-id=\"7834\" class=\"elementor elementor-7834\">\n\t\t\t\t\t\t<section class=\"elementor-section elementor-top-section elementor-element elementor-element-a4ac797 elementor-section-content-middle elementor-section-boxed elementor-section-height-default elementor-section-height-default\" data-id=\"a4ac797\" data-element_type=\"section\">\n\t\t\t\t\t\t<div class=\"elementor-container elementor-column-gap-wider\">\n\t\t\t\t\t<div class=\"elementor-column elementor-col-50 elementor-top-column elementor-element elementor-element-a51e082 elementor-invisible\" data-id=\"a51e082\" data-element_type=\"column\" data-settings=\"{&quot;animation&quot;:&quot;fadeInLeft&quot;}\">\n\t\t\t<div class=\"elementor-widget-wrap elementor-element-populated\">\n\t\t\t\t\t\t<div class=\"elementor-element elementor-element-b2fd290 elementor-widget elementor-widget-text-editor\" data-id=\"b2fd290\" data-element_type=\"widget\" data-widget_type=\"text-editor.default\">\n\t\t\t\t<div class=\"elementor-widget-container\">\n\t\t\t\t\t\t\t\t\t<h4>Nuevo Servicio<\/h4>\t\t\t\t\t\t\t\t<\/div>\n\t\t\t\t<\/div>\n\t\t\t\t<div class=\"elementor-element elementor-element-c975aa6 elementor-widget elementor-widget-heading\" data-id=\"c975aa6\" data-element_type=\"widget\" data-widget_type=\"heading.default\">\n\t\t\t\t<div class=\"elementor-widget-container\">\n\t\t\t\t\t<h2 class=\"elementor-heading-title elementor-size-default\">Control de Ausentismo Laboral por Geolocalizaci\u00f3n<\/h2>\t\t\t\t<\/div>\n\t\t\t\t<\/div>\n\t\t\t\t<div class=\"elementor-element elementor-element-f5d1321 elementor-widget elementor-widget-text-editor\" data-id=\"f5d1321\" data-element_type=\"widget\" data-widget_type=\"text-editor.default\">\n\t\t\t\t<div class=\"elementor-widget-container\">\n\t\t\t\t\t\t\t\t\t<p class=\"\" data-start=\"156\" data-end=\"424\">Optimiz\u00e1 el seguimiento de tus empleados con el nuevo servicio de <strong data-start=\"220\" data-end=\"265\">Control de Ausentismo Laboral por Geolocalizaci\u00f3n<\/strong>.<br data-start=\"266\" data-end=\"269\" \/>Verificamos la ubicaci\u00f3n real del trabajador al momento del control, generando informes autom\u00e1ticos y personalizados con fotos, mapas y registros precisos.<\/p><p class=\"\" data-start=\"426\" data-end=\"565\">\ud83d\udd0d Verificaci\u00f3n de presencia en domicilio mediante geolocalizaci\u00f3n<br \/>\ud83d\udcf9 Videollamada a Cargo de M\u00e9dicos Especializados<br data-start=\"432\" data-end=\"435\" \/>\ud83d\udcc4 Informes PDF detallados, con mapas, fotos y trazabilidad<br data-start=\"494\" data-end=\"497\" \/>\u2699\ufe0f Integraci\u00f3n \u00e1gil con procesos de RR.HH. y medicina laboral<br \/>\ud83e\ude7a Evaluaci\u00f3n m\u00e9dica en tiempo real<\/p>\t\t\t\t\t\t\t\t<\/div>\n\t\t\t\t<\/div>\n\t\t\t\t<div class=\"elementor-element elementor-element-7b65471 elementor-mobile-align-center elementor-widget elementor-widget-button\" data-id=\"7b65471\" data-element_type=\"widget\" data-widget_type=\"button.default\">\n\t\t\t\t<div class=\"elementor-widget-container\">\n\t\t\t\t\t\t\t\t\t<div class=\"elementor-button-wrapper\">\n\t\t\t\t\t<a class=\"elementor-button elementor-button-link elementor-size-sm\" href=\"https:\/\/www.georosario.com\/web\/control-geolocalizacion\/\">\n\t\t\t\t\t\t<span class=\"elementor-button-content-wrapper\">\n\t\t\t\t\t\t\t\t\t<span class=\"elementor-button-text\">Solicitar control por Geolocalizaci\u00f3n<\/span>\n\t\t\t\t\t<\/span>\n\t\t\t\t\t<\/a>\n\t\t\t\t<\/div>\n\t\t\t\t\t\t\t\t<\/div>\n\t\t\t\t<\/div>\n\t\t\t\t\t<\/div>\n\t\t<\/div>\n\t\t\t\t<div class=\"elementor-column elementor-col-50 elementor-top-column elementor-element elementor-element-03924d1 elementor-invisible\" data-id=\"03924d1\" data-element_type=\"column\" data-settings=\"{&quot;animation&quot;:&quot;fadeInRight&quot;,&quot;animation_delay&quot;:200}\">\n\t\t\t<div class=\"elementor-widget-wrap elementor-element-populated\">\n\t\t\t\t\t\t<div class=\"elementor-element elementor-element-9177767 elementor-widget elementor-widget-image\" data-id=\"9177767\" data-element_type=\"widget\" data-widget_type=\"image.default\">\n\t\t\t\t<div class=\"elementor-widget-container\">\n\t\t\t\t\t\t\t\t\t\t\t\t\t\t\t<img fetchpriority=\"high\" decoding=\"async\" width=\"706\" height=\"733\" src=\"https:\/\/www.georosario.com\/web\/wp-content\/uploads\/2025\/04\/geolocalizacion1.webp\" class=\"attachment-large size-large wp-image-7871\" alt=\"\" srcset=\"https:\/\/www.georosario.com\/web\/wp-content\/uploads\/2025\/04\/geolocalizacion1.webp 706w, https:\/\/www.georosario.com\/web\/wp-content\/uploads\/2025\/04\/geolocalizacion1-289x300.webp 289w\" sizes=\"(max-width: 706px) 100vw, 706px\" \/>\t\t\t\t\t\t\t\t\t\t\t\t\t\t\t<\/div>\n\t\t\t\t<\/div>\n\t\t\t\t\t<\/div>\n\t\t<\/div>\n\t\t\t\t\t<\/div>\n\t\t<\/section>\n\t\t\t\t<section class=\"elementor-section elementor-top-section elementor-element elementor-element-cee247f elementor-section-full_width elementor-section-height-default elementor-section-height-default elementor-invisible\" data-id=\"cee247f\" data-element_type=\"section\" data-settings=\"{&quot;background_background&quot;:&quot;classic&quot;,&quot;animation&quot;:&quot;fadeIn&quot;}\">\n\t\t\t\t\t\t\t<div class=\"elementor-background-overlay\"><\/div>\n\t\t\t\t\t\t\t<div class=\"elementor-container elementor-column-gap-default\">\n\t\t\t\t\t<div class=\"elementor-column elementor-col-100 elementor-top-column elementor-element elementor-element-9602bdd\" data-id=\"9602bdd\" data-element_type=\"column\">\n\t\t\t<div class=\"elementor-widget-wrap elementor-element-populated\">\n\t\t\t\t\t\t<section class=\"elementor-section elementor-inner-section elementor-element elementor-element-a238834 elementor-section-boxed elementor-section-height-default elementor-section-height-default\" data-id=\"a238834\" data-element_type=\"section\">\n\t\t\t\t\t\t<div class=\"elementor-container elementor-column-gap-wider\">\n\t\t\t\t\t<div class=\"elementor-column elementor-col-50 elementor-inner-column elementor-element elementor-element-deecc5a\" data-id=\"deecc5a\" data-element_type=\"column\">\n\t\t\t<div class=\"elementor-widget-wrap elementor-element-populated\">\n\t\t\t\t\t\t<div class=\"elementor-element elementor-element-4105ed9 elementor-invisible elementor-widget elementor-widget-text-editor\" data-id=\"4105ed9\" data-element_type=\"widget\" data-settings=\"{&quot;_animation&quot;:&quot;fadeInLeft&quot;,&quot;_animation_delay&quot;:300}\" data-widget_type=\"text-editor.default\">\n\t\t\t\t<div class=\"elementor-widget-container\">\n\t\t\t\t\t\t\t\t\t<p>Los controles por Geolocalizaci\u00f3n est\u00e1n disponibles para <strong>todo el PAIS<\/strong><\/p>\t\t\t\t\t\t\t\t<\/div>\n\t\t\t\t<\/div>\n\t\t\t\t\t<\/div>\n\t\t<\/div>\n\t\t\t\t<div class=\"elementor-column elementor-col-50 elementor-inner-column elementor-element elementor-element-5074968\" data-id=\"5074968\" data-element_type=\"column\">\n\t\t\t<div class=\"elementor-widget-wrap elementor-element-populated\">\n\t\t\t\t\t\t<div class=\"elementor-element elementor-element-18e6e07 animated-slow elementor-invisible elementor-widget elementor-widget-image\" data-id=\"18e6e07\" data-element_type=\"widget\" data-settings=\"{&quot;_animation&quot;:&quot;fadeInRight&quot;,&quot;_animation_delay&quot;:400}\" data-widget_type=\"image.default\">\n\t\t\t\t<div class=\"elementor-widget-container\">\n\t\t\t\t\t\t\t\t\t\t\t\t\t\t\t<img decoding=\"async\" width=\"2308\" height=\"1877\" src=\"https:\/\/www.georosario.com\/web\/wp-content\/uploads\/2025\/04\/geoww-01.webp\" class=\"attachment-full size-full wp-image-7925\" alt=\"\" srcset=\"https:\/\/www.georosario.com\/web\/wp-content\/uploads\/2025\/04\/geoww-01.webp 2308w, https:\/\/www.georosario.com\/web\/wp-content\/uploads\/2025\/04\/geoww-01-300x244.webp 300w, https:\/\/www.georosario.com\/web\/wp-content\/uploads\/2025\/04\/geoww-01-1024x833.webp 1024w, https:\/\/www.georosario.com\/web\/wp-content\/uploads\/2025\/04\/geoww-01-768x625.webp 768w, https:\/\/www.georosario.com\/web\/wp-content\/uploads\/2025\/04\/geoww-01-1536x1249.webp 1536w, https:\/\/www.georosario.com\/web\/wp-content\/uploads\/2025\/04\/geoww-01-2048x1666.webp 2048w\" sizes=\"(max-width: 2308px) 100vw, 2308px\" \/>\t\t\t\t\t\t\t\t\t\t\t\t\t\t\t<\/div>\n\t\t\t\t<\/div>\n\t\t\t\t\t<\/div>\n\t\t<\/div>\n\t\t\t\t\t<\/div>\n\t\t<\/section>\n\t\t\t\t\t<\/div>\n\t\t<\/div>\n\t\t\t\t\t<\/div>\n\t\t<\/section>\n\t\t\t\t<section class=\"elementor-section elementor-top-section elementor-element elementor-element-6767e88 elementor-section-content-middle elementor-section-boxed elementor-section-height-default elementor-section-height-default\" data-id=\"6767e88\" data-element_type=\"section\">\n\t\t\t\t\t\t<div class=\"elementor-container elementor-column-gap-wider\">\n\t\t\t\t\t<div class=\"elementor-column elementor-col-50 elementor-top-column elementor-element elementor-element-8af2ccd elementor-invisible\" data-id=\"8af2ccd\" data-element_type=\"column\" data-settings=\"{&quot;animation&quot;:&quot;fadeInLeft&quot;,&quot;animation_delay&quot;:200}\">\n\t\t\t<div class=\"elementor-widget-wrap elementor-element-populated\">\n\t\t\t\t\t\t<div class=\"elementor-element elementor-element-dabe102 elementor-widget elementor-widget-image\" data-id=\"dabe102\" data-element_type=\"widget\" data-widget_type=\"image.default\">\n\t\t\t\t<div class=\"elementor-widget-container\">\n\t\t\t\t\t\t\t\t\t\t\t\t\t\t\t<img decoding=\"async\" width=\"1024\" height=\"936\" src=\"https:\/\/www.georosario.com\/web\/wp-content\/uploads\/2023\/06\/ausentism-1024x936.jpg\" class=\"attachment-large size-large wp-image-4128\" alt=\"\" srcset=\"https:\/\/www.georosario.com\/web\/wp-content\/uploads\/2023\/06\/ausentism-1024x936.jpg 1024w, https:\/\/www.georosario.com\/web\/wp-content\/uploads\/2023\/06\/ausentism-300x274.jpg 300w, https:\/\/www.georosario.com\/web\/wp-content\/uploads\/2023\/06\/ausentism-768x702.jpg 768w, https:\/\/www.georosario.com\/web\/wp-content\/uploads\/2023\/06\/ausentism.jpg 1038w\" sizes=\"(max-width: 1024px) 100vw, 1024px\" \/>\t\t\t\t\t\t\t\t\t\t\t\t\t\t\t<\/div>\n\t\t\t\t<\/div>\n\t\t\t\t\t<\/div>\n\t\t<\/div>\n\t\t\t\t<div class=\"elementor-column elementor-col-50 elementor-top-column elementor-element elementor-element-db055d3 elementor-invisible\" data-id=\"db055d3\" data-element_type=\"column\" data-settings=\"{&quot;animation&quot;:&quot;fadeInRight&quot;}\">\n\t\t\t<div class=\"elementor-widget-wrap elementor-element-populated\">\n\t\t\t\t\t\t<div class=\"elementor-element elementor-element-df96715 elementor-invisible elementor-widget elementor-widget-text-editor\" data-id=\"df96715\" data-element_type=\"widget\" data-settings=\"{&quot;_animation&quot;:&quot;fadeInRight&quot;,&quot;_animation_delay&quot;:200}\" data-widget_type=\"text-editor.default\">\n\t\t\t\t<div class=\"elementor-widget-container\">\n\t\t\t\t\t\t\t\t\tRealizamos controles de ausentismo por geolocalizaci\u00f3n con profesionales m\u00e9dicos especialistas en salud laboral que realizan un interrogatorio completo y minucioso del trabajador evaluando su estado de salud, estudios m\u00e9dicos y tiempo de reposo para as\u00ed estimar su reintegro laboral.<br>\nLas conclusiones de geolocalizaci\u00f3n son realizadas utilizando IA.\t\t\t\t\t\t\t\t<\/div>\n\t\t\t\t<\/div>\n\t\t\t\t<div class=\"elementor-element elementor-element-d72d254 elementor-invisible elementor-widget elementor-widget-text-editor\" data-id=\"d72d254\" data-element_type=\"widget\" data-settings=\"{&quot;_animation&quot;:&quot;fadeInRight&quot;,&quot;_animation_delay&quot;:300}\" data-widget_type=\"text-editor.default\">\n\t\t\t\t<div class=\"elementor-widget-container\">\n\t\t\t\t\t\t\t\t\t<p><br><\/p><p>El nuevo servicio elabora informes detallados con mapas, fotos, informe m\u00e9dico que se env\u00edan autom\u00e1ticamente en formato PDF al email de su empresa.<\/p>\t\t\t\t\t\t\t\t<\/div>\n\t\t\t\t<\/div>\n\t\t\t\t\t<\/div>\n\t\t<\/div>\n\t\t\t\t\t<\/div>\n\t\t<\/section>\n\t\t\t\t<\/div>\n\t\t","protected":false},"excerpt":{"rendered":"<p>Nuevo Servicio Control de Ausentismo Laboral por Geolocalizaci\u00f3n Optimiz\u00e1 el seguimiento de tus empleados con el nuevo servicio de Control de Ausentismo Laboral por Geolocalizaci\u00f3n.Verificamos la ubicaci\u00f3n real del trabajador al momento del control, generando informes autom\u00e1ticos y personalizados con fotos, mapas y registros precisos. &#x1f50d; Verificaci\u00f3n de presencia en domicilio mediante geolocalizaci\u00f3n&#x1f4f9; Videollamada a [&hellip;]<\/p>\n","protected":false},"author":96739694,"featured_media":0,"parent":2875,"menu_order":0,"comment_status":"closed","ping_status":"closed","template":"","meta":{"inline_featured_image":false,"site-sidebar-layout":"default","site-content-layout":"","ast-site-content-layout":"default","site-content-style":"default","site-sidebar-style":"default","ast-global-header-display":"","ast-banner-title-visibility":"","ast-main-header-display":"","ast-hfb-above-header-display":"","ast-hfb-below-header-display":"","ast-hfb-mobile-header-display":"","site-post-title":"","ast-breadcrumbs-content":"","ast-featured-img":"","footer-sml-layout":"","ast-disable-related-posts":"","theme-transparent-header-meta":"","adv-header-id-meta":"","stick-header-meta":"","header-above-stick-meta":"","header-main-stick-meta":"","header-below-stick-meta":"","astra-migrate-meta-layouts":"default","ast-page-background-enabled":"default","ast-page-background-meta":{"desktop":{"background-color":"var(--ast-global-color-4)","background-image":"","background-repeat":"repeat","background-position":"center center","background-size":"auto","background-attachment":"scroll","background-type":"","background-media":"","overlay-type":"","overlay-color":"","overlay-opacity":"","overlay-gradient":""},"tablet":{"background-color":"","background-image":"","background-repeat":"repeat","background-position":"center center","background-size":"auto","background-attachment":"scroll","background-type":"","background-media":"","overlay-type":"","overlay-color":"","overlay-opacity":"","overlay-gradient":""},"mobile":{"background-color":"","background-image":"","background-repeat":"repeat","background-position":"center center","background-size":"auto","background-attachment":"scroll","background-type":"","background-media":"","overlay-type":"","overlay-color":"","overlay-opacity":"","overlay-gradient":""}},"ast-content-background-meta":{"desktop":{"background-color":"var(--ast-global-color-5)","background-image":"","background-repeat":"repeat","background-position":"center center","background-size":"auto","background-attachment":"scroll","background-type":"","background-media":"","overlay-type":"","overlay-color":"","overlay-opacity":"","overlay-gradient":""},"tablet":{"background-color":"var(--ast-global-color-5)","background-image":"","background-repeat":"repeat","background-position":"center center","background-size":"auto","background-attachment":"scroll","background-type":"","background-media":"","overlay-type":"","overlay-color":"","overlay-opacity":"","overlay-gradient":""},"mobile":{"background-color":"var(--ast-global-color-5)","background-image":"","background-repeat":"repeat","background-position":"center center","background-size":"auto","background-attachment":"scroll","background-type":"","background-media":"","overlay-type":"","overlay-color":"","overlay-opacity":"","overlay-gradient":""}},"footnotes":""},"class_list":["post-7834","page","type-page","status-publish","hentry"],"_links":{"self":[{"href":"https:\/\/www.georosario.com\/web\/wp-json\/wp\/v2\/pages\/7834","targetHints":{"allow":["GET"]}}],"collection":[{"href":"https:\/\/www.georosario.com\/web\/wp-json\/wp\/v2\/pages"}],"about":[{"href":"https:\/\/www.georosario.com\/web\/wp-json\/wp\/v2\/types\/page"}],"author":[{"embeddable":true,"href":"https:\/\/www.georosario.com\/web\/wp-json\/wp\/v2\/users\/96739694"}],"replies":[{"embeddable":true,"href":"https:\/\/www.georosario.com\/web\/wp-json\/wp\/v2\/comments?post=7834"}],"version-history":[{"count":61,"href":"https:\/\/www.georosario.com\/web\/wp-json\/wp\/v2\/pages\/7834\/revisions"}],"predecessor-version":[{"id":8018,"href":"https:\/\/www.georosario.com\/web\/wp-json\/wp\/v2\/pages\/7834\/revisions\/8018"}],"up":[{"embeddable":true,"href":"https:\/\/www.georosario.com\/web\/wp-json\/wp\/v2\/pages\/2875"}],"wp:attachment":[{"href":"https:\/\/www.georosario.com\/web\/wp-json\/wp\/v2\/media?parent=7834"}],"curies":[{"name":"wp","href":"https:\/\/api.w.org\/{rel}","templated":true}]}}